{"id":5625,"date":"2021-04-11T16:59:38","date_gmt":"2021-04-11T14:59:38","guid":{"rendered":"https:\/\/mintgold.de\/impressum"},"modified":"2024-07-03T23:25:12","modified_gmt":"2024-07-03T21:25:12","slug":"imprint","status":"publish","type":"page","link":"https:\/\/mintgold.de\/en\/imprint","title":{"rendered":"Imprint"},"content":{"rendered":"<div class=\"wpb-content-wrapper\"><p>[vc_row row_content_width=&#8221;grid&#8221; css=&#8221;.vc_custom_1618153255743{padding-top: 100px !important;padding-bottom: 100px !important;}&#8221;][vc_column parallax=&#8221;content-moving&#8221;][vc_column_text css_animation=&#8221;bounceInLeft&#8221;]<\/p>\n<h2>Impressum<\/h2>\n<p>&nbsp;<\/p>\n<p>[\/vc_column_text][vc_column_text css_animation=&#8221;bounceInLeft&#8221;]<\/p>\n<div id=\"imprintModal\" class=\"modal fade in\" tabindex=\"-1\" role=\"dialog\" aria-labelledby=\"imprintModalLabel\" aria-hidden=\"true\">\n<div class=\"modal-dialog\" role=\"document\">\n<div class=\"modal-content\">\n<div class=\"modal-body\">\n<p>Angaben gem\u00e4\u00df \u00a7 5 DDG<\/p>\n<h3>MINTGOLD \u00ae<\/h3>\n<\/div>\n<div class=\"modal-body\">\n<p>F\u00f6ssestr. 77 L<br \/>\n30451 Hannover<br \/>\n+49 [0]511 165 813 24<\/p>\n<p><a class=\"nospam \" title=\"bWFpbHRvOmluZm8lNDBtaW50Z29sZC5kZQ==\" href=\"https:\/\/mintgold.de\/#\">info@mintgold.de<\/a><br \/>\nwww.mintgold.de<\/p>\n<\/div>\n<p>&nbsp;<\/p>\n<p>Inhaberin: Raija Holm<\/p>\n<div class=\"modal-body\">\n<p>&nbsp;<\/p>\n<h4>Umsatzsteuer-Identifikationsnummer<\/h4>\n<p>gem\u00e4\u00df \u00a7 27 a Umsatzsteuergesetz:<br \/>\n70 591 043 269<\/p>\n<h4><\/h4>\n<h5>Haftung f\u00fcr Links<\/h5>\n<p>Unser Angebot enth\u00e4lt Links zu externen Websites Dritter, auf deren Inhalte wir keinen Einfluss haben. Deshalb k\u00f6nnen wir f\u00fcr diese fremden Inhalte auch keine Gew\u00e4hr \u00fcbernehmen. F\u00fcr die Inhalte der verlinkten Seiten ist stets der jeweilige Anbieter oder Betreiber der Seiten verantwortlich. Die verlinkten Seiten wurden zum Zeitpunkt der Verlinkung auf m\u00f6gliche Rechtsverst\u00f6\u00dfe \u00fcberpr\u00fcft. Rechtswidrige Inhalte waren zum Zeitpunkt der Verlinkung nicht erkennbar.<br \/>\nEine permanente inhaltliche Kontrolle der verlinkten Seiten ist jedoch ohne konkrete Anhaltspunkte einer\u00a0Rechtsverletzung nicht zumutbar. Bei Bekanntwerden von Rechtsverletzungen werden wir derartige Links\u00a0umgehend entfernen.<\/p>\n<p>&nbsp;<\/p>\n<h5>Urheberrecht<\/h5>\n<p>Die durch die Seitenbetreiber erstellten Inhalte und Werke auf diesen Seiten unterliegen dem deutschen Urheberrecht. Die Vervielf\u00e4ltigung, Bearbeitung, Verbreitung und jede Art der Verwertung au\u00dferhalb der Grenzen des Urheberrechtes bed\u00fcrfen der schriftlichen Zustimmung des jeweiligen Autors bzw. Erstellers. Downloads und Kopien dieser Seite sind nur f\u00fcr den privaten, nicht kommerziellen Gebrauch gestattet. Soweit die Inhalte auf dieser Seite nicht vom Betreiber erstellt wurden, werden die Urheberrechte Dritter beachtet. Insbesondere werden Inhalte Dritter als solche gekennzeichnet. Sollten Sie trotzdem auf eine Urheberrechtsverletzung aufmerksam werden, bitten wir um einen entsprechenden Hinweis. Bei Bekanntwerden von Rechtsverletzungen werden wir derartige Inhalte umgehend entfernen.<\/p>\n<p>&nbsp;<\/p>\n<\/div>\n<\/div>\n<\/div>\n<\/div>\n<p>[\/vc_column_text][\/vc_column][\/vc_row]<\/p>\n<\/div>","protected":false},"excerpt":{"rendered":"<p>[vc_row row_content_width=&#8221;grid&#8221; css=&#8221;.vc_custom_1618153255743{padding-top: 100px !important;padding-bottom: 100px !important;}&#8221;][vc_column parallax=&#8221;content-moving&#8221;][vc_column_text css_animation=&#8221;bounceInLeft&#8221;] Impressum &nbsp; [\/vc_column_text][vc_column_text css_animation=&#8221;bounceInLeft&#8221;] Angaben gem\u00e4\u00df \u00a7 5 DDG MINTGOLD \u00ae F\u00f6ssestr. 77 L 30451 Hannover +49 [0]511 165 813 24 info@mintgold.de www.mintgold.de &nbsp; Inhaberin: Raija Holm &nbsp; Umsatzsteuer-Identifikationsnummer gem\u00e4\u00df \u00a7 27 a Umsatzsteuergesetz: 70 591 043 269 Haftung f\u00fcr Links Unser Angebot enth\u00e4lt Links zu externen Websites Dritter, auf deren Inhalte wir keinen Einfluss haben. Deshalb k\u00f6nnen wir f\u00fcr diese fremden Inhalte auch keine Gew\u00e4hr [&hellip;]<\/p>\n","protected":false},"author":1,"featured_media":0,"parent":0,"menu_order":0,"comment_status":"closed","ping_status":"closed","template":"full-width.php","meta":{"footnotes":""},"class_list":["post-5625","page","type-page","status-publish","hentry"],"_links":{"self":[{"href":"https:\/\/mintgold.de\/en\/wp-json\/wp\/v2\/pages\/5625","targetHints":{"allow":["GET"]}}],"collection":[{"href":"https:\/\/mintgold.de\/en\/wp-json\/wp\/v2\/pages"}],"about":[{"href":"https:\/\/mintgold.de\/en\/wp-json\/wp\/v2\/types\/page"}],"author":[{"embeddable":true,"href":"https:\/\/mintgold.de\/en\/wp-json\/wp\/v2\/users\/1"}],"replies":[{"embeddable":true,"href":"https:\/\/mintgold.de\/en\/wp-json\/wp\/v2\/comments?post=5625"}],"version-history":[{"count":2,"href":"https:\/\/mintgold.de\/en\/wp-json\/wp\/v2\/pages\/5625\/revisions"}],"predecessor-version":[{"id":6000,"href":"https:\/\/mintgold.de\/en\/wp-json\/wp\/v2\/pages\/5625\/revisions\/6000"}],"wp:attachment":[{"href":"https:\/\/mintgold.de\/en\/wp-json\/wp\/v2\/media?parent=5625"}],"curies":[{"name":"wp","href":"https:\/\/api.w.org\/{rel}","templated":true}]}}